{"id":170,"date":"2010-02-04T14:00:08","date_gmt":"2010-02-04T13:00:08","guid":{"rendered":"http:\/\/laboratoriodeantropologiaaudiovisual.zeus.umh.es\/about-2\/"},"modified":"2021-01-01T16:30:07","modified_gmt":"2021-01-01T15:30:07","slug":"about-2","status":"publish","type":"page","link":"https:\/\/laboratoriodeantropologiaaudiovisual.umh.es\/en\/about-2\/","title":{"rendered":"Informaci\u00f3n"},"content":{"rendered":"<p><a href=\"https:\/\/laboratoriodeantropologiaaudiovisual.umh.es\/files\/2010\/04\/gran_gran_1984.jpg\"><img loading=\"lazy\" class=\"aligncenter size-full wp-image-120\" src=\"https:\/\/laboratoriodeantropologiaaudiovisual.umh.es\/files\/2010\/04\/gran_gran_1984.jpg\" alt=\"\" width=\"502\" height=\"295\" \/><\/a><\/p>\n<p><strong>!!!!! Bienvenidos al nuevo blog del Laboratorio de Antropolog\u00eda Audiovisual!!!!<\/strong><\/p>\n<p>Existe una corriente dentro de la Antropolog\u00eda que propone el uso del lenguaje de la imagen como un recurso de memoria e investigaci\u00f3n, bajo la certeza de que \u00e9sta enriquece el proceso metodol\u00f3gico aportando elementos, que no alcanzan a percibir instrumentos como el lenguaje escrito y la observaci\u00f3n directa, esta es la Antropolog\u00eda Visual. Centrada en dos medios, el cine y la fotograf\u00eda, es una manera de utilizar a las im\u00e1genes como recursos de investigaci\u00f3n.<\/p>\n<p>La Antropolog\u00eda Visual es una alternativa al trabajo etnogr\u00e1fico, distinto a otros como la descripci\u00f3n escrita, a trav\u00e9s de la cual se pueden realizar trabajos de clasificaci\u00f3n y procesos de an\u00e1lisis de las im\u00e1genes a partir de registros visuales; en conclusi\u00f3n, se pueden elaborar documentos antropol\u00f3gicos que no s\u00f3lo describen, sino que explican al objeto antropol\u00f3gico.<\/p>\n<p>El Departamento de Antropolog\u00eda de la Universidad Miguel Hern\u00e1ndez, pretende habilitar el Laboratorio de Antropolog\u00eda Visual, equip\u00e1ndolo con la tecnolog\u00eda necesaria para la producci\u00f3n digital de video y fomentar as\u00ed la investigaci\u00f3n y desarrollo de material etnogr\u00e1fico.<\/p>\n<p>Formar un acervo comunitario para acercar y mostrar toda aquella documentaci\u00f3n realizada y recuperada. Y qu\u00e9 decir, si un archivo audiovisual es un medio ideal para preservar el patrimonio intangible, continuamente cambiante y que en muchos casos est\u00e1 en proceso de extinci\u00f3n.<\/p>\n<p>Os invito a participar tanto en la presentaci\u00f3n como a colaborar en el blog del laboratorio de antropolog\u00eda<span>\u00a0 <\/span>audiovisual con vuestras opiniones y aportaciones, para abrir as\u00ed el campo de conocimiento de ese gran mundo que es la antropolog\u00eda.<\/p>\n<p>Si quereis colaborar\u00a0 enviando un comentario a traves del blog o si quere\u00eds enviar alg\u00fan art\u00edculo u otra cosa mandarlo al email\u00a0 <a href=\"isabel.ferrandez02@graduado.umh.es.\">isabel.ferrandez02@graduado.umh.es.<\/a><\/p>","protected":false},"excerpt":{"rendered":"<p>!!!!! Bienvenidos al nuevo blog del Laboratorio de Antropolog\u00eda Audiovisual!!!!<br \/>\nExiste una corriente dentro de la Antropolog\u00eda que propone el uso del lenguaje de la imagen como un recurso de memoria e investigaci\u00f3n, bajo la certeza de que \u00e9sta enriquece el proceso metodol\u00f3gico aportando elementos, que no alcanzan a percibir instrumentos como el lenguaje escrito y [&#8230;]<\/p>\n","protected":false},"author":642,"featured_media":0,"parent":0,"menu_order":0,"comment_status":"closed","ping_status":"open","template":"","meta":{"_links_to":"","_links_to_target":""},"_links":{"self":[{"href":"https:\/\/laboratoriodeantropologiaaudiovisual.umh.es\/en\/wp-json\/wp\/v2\/pages\/170"}],"collection":[{"href":"https:\/\/laboratoriodeantropologiaaudiovisual.umh.es\/en\/wp-json\/wp\/v2\/pages"}],"about":[{"href":"https:\/\/laboratoriodeantropologiaaudiovisual.umh.es\/en\/wp-json\/wp\/v2\/types\/page"}],"author":[{"embeddable":true,"href":"https:\/\/laboratoriodeantropologiaaudiovisual.umh.es\/en\/wp-json\/wp\/v2\/users\/642"}],"replies":[{"embeddable":true,"href":"https:\/\/laboratoriodeantropologiaaudiovisual.umh.es\/en\/wp-json\/wp\/v2\/comments?post=170"}],"version-history":[{"count":0,"href":"https:\/\/laboratoriodeantropologiaaudiovisual.umh.es\/en\/wp-json\/wp\/v2\/pages\/170\/revisions"}],"wp:attachment":[{"href":"https:\/\/laboratoriodeantropologiaaudiovisual.umh.es\/en\/wp-json\/wp\/v2\/media?parent=170"}],"curies":[{"name":"wp","href":"https:\/\/api.w.org\/{rel}","templated":true}]}}